{"id":129,"date":"2023-11-11T00:25:34","date_gmt":"2023-11-11T00:25:34","guid":{"rendered":"https:\/\/delaree.com\/?page_id=129"},"modified":"2026-04-29T19:57:41","modified_gmt":"2026-04-29T19:57:41","slug":"nosotros","status":"publish","type":"page","link":"https:\/\/delaree.com\/index.php\/nosotros\/","title":{"rendered":"Nosotros"},"content":{"rendered":"<h1>Nosotros<\/h1>\n<p>D\u00b4LaRee El\u00e9ctrica, somos una empresa con m\u00e1s de 30 a\u00f1os de experiencia en asesor\u00eda , ingenier\u00eda, dise\u00f1o e instalaci\u00f3n de sistemas de ahorro de energ\u00eda, instalaciones el\u00e9ctricas en baja, media, alta tenis\u00f3n, l\u00edneas el\u00e9ctricas y energ\u00eda solar.<\/p>\n<h1>Misi\u00f3n<\/h1>\n<p>Empresa sonorense dedicada a la ingenier\u00eda de instalaciones\u00a0el\u00e9ctricas y energ\u00eda solar, dando un servicio de calidad de la mano\u00a0con nuestros colaboradores para satisfacer a nuestros clientes y\u00a0generar rentabilidad a nuestros accionistas.<\/p>\n<h1>Visi\u00f3n<\/h1>\n<p>Ser una empresa sustentable, l\u00edder en el sector de energ\u00eda el\u00e9ctrica y solar al Noroeste de la Rep\u00fablica Mexicana, laborando bajo el m\u00e9todo de mejora contin\u00faa, dando un servicio de calidad a particulares, empresas e industrias resultado de la capacitaci\u00f3n de nuestros colaboradores.<\/p>\n<p><a href=\"https:\/\/delaree.com\/index.php\/contacto\/\"><br \/>\nContact<br \/>\n<\/a><\/p>\n","protected":false},"excerpt":{"rendered":"<p>Nosotros D\u00b4LaRee El\u00e9ctrica, somos una empresa con m\u00e1s de 30 a\u00f1os de experiencia en asesor\u00eda , ingenier\u00eda, dise\u00f1o e instalaci\u00f3n de sistemas de ahorro de energ\u00eda, instalaciones el\u00e9ctricas en baja, media, alta tenis\u00f3n, l\u00edneas el\u00e9ctricas y energ\u00eda solar. Misi\u00f3n Empresa sonorense dedicada a la ingenier\u00eda de instalaciones\u00a0el\u00e9ctricas y energ\u00eda solar, dando un servicio de calidad [&hellip;]<\/p>\n","protected":false},"author":1,"featured_media":0,"parent":0,"menu_order":0,"comment_status":"closed","ping_status":"closed","template":"","meta":{"site-sidebar-layout":"no-sidebar","site-content-layout":"","ast-site-content-layout":"full-width-container","site-content-style":"default","site-sidebar-style":"default","ast-global-header-display":"","ast-banner-title-visibility":"","ast-main-header-display":"","ast-hfb-above-header-display":"","ast-hfb-below-header-display":"","ast-hfb-mobile-header-display":"","site-post-title":"disabled","ast-breadcrumbs-content":"","ast-featured-img":"disabled","footer-sml-layout":"","theme-transparent-header-meta":"","adv-header-id-meta":"","stick-header-meta":"","header-above-stick-meta":"","header-main-stick-meta":"","header-below-stick-meta":"","astra-migrate-meta-layouts":"default","ast-page-background-enabled":"default","ast-page-background-meta":{"desktop":{"background-color":"var(--ast-global-color-4)","background-image":"","background-repeat":"repeat","background-position":"center center","background-size":"auto","background-attachment":"scroll","background-type":"","background-media":"","overlay-type":"","overlay-color":"","overlay-opacity":"","overlay-gradient":""},"tablet":{"background-color":"","background-image":"","background-repeat":"repeat","background-position":"center center","background-size":"auto","background-attachment":"scroll","background-type":"","background-media":"","overlay-type":"","overlay-color":"","overlay-opacity":"","overlay-gradient":""},"mobile":{"background-color":"","background-image":"","background-repeat":"repeat","background-position":"center center","background-size":"auto","background-attachment":"scroll","background-type":"","background-media":"","overlay-type":"","overlay-color":"","overlay-opacity":"","overlay-gradient":""}},"ast-content-background-meta":{"desktop":{"background-color":"var(--ast-global-color-5)","background-image":"","background-repeat":"repeat","background-position":"center center","background-size":"auto","background-attachment":"scroll","background-type":"","background-media":"","overlay-type":"","overlay-color":"","overlay-opacity":"","overlay-gradient":""},"tablet":{"background-color":"var(--ast-global-color-5)","background-image":"","background-repeat":"repeat","background-position":"center center","background-size":"auto","background-attachment":"scroll","background-type":"","background-media":"","overlay-type":"","overlay-color":"","overlay-opacity":"","overlay-gradient":""},"mobile":{"background-color":"var(--ast-global-color-5)","background-image":"","background-repeat":"repeat","background-position":"center center","background-size":"auto","background-attachment":"scroll","background-type":"","background-media":"","overlay-type":"","overlay-color":"","overlay-opacity":"","overlay-gradient":""}},"_joinchat":[],"footnotes":""},"class_list":["post-129","page","type-page","status-publish","hentry"],"_links":{"self":[{"href":"https:\/\/delaree.com\/index.php\/wp-json\/wp\/v2\/pages\/129","targetHints":{"allow":["GET"]}}],"collection":[{"href":"https:\/\/delaree.com\/index.php\/wp-json\/wp\/v2\/pages"}],"about":[{"href":"https:\/\/delaree.com\/index.php\/wp-json\/wp\/v2\/types\/page"}],"author":[{"embeddable":true,"href":"https:\/\/delaree.com\/index.php\/wp-json\/wp\/v2\/users\/1"}],"replies":[{"embeddable":true,"href":"https:\/\/delaree.com\/index.php\/wp-json\/wp\/v2\/comments?post=129"}],"version-history":[{"count":14,"href":"https:\/\/delaree.com\/index.php\/wp-json\/wp\/v2\/pages\/129\/revisions"}],"predecessor-version":[{"id":744,"href":"https:\/\/delaree.com\/index.php\/wp-json\/wp\/v2\/pages\/129\/revisions\/744"}],"wp:attachment":[{"href":"https:\/\/delaree.com\/index.php\/wp-json\/wp\/v2\/media?parent=129"}],"curies":[{"name":"wp","href":"https:\/\/api.w.org\/{rel}","templated":true}]}}